				{"id":4052,"date":"2016-10-16T10:50:58","date_gmt":"2016-10-16T07:50:58","guid":{"rendered":"http:\/\/anthoulakisltd.gr\/company\/"},"modified":"2025-05-27T14:08:09","modified_gmt":"2025-05-27T11:08:09","slug":"company","status":"publish","type":"page","link":"https:\/\/anthoulakisltd.gr\/de\/company\/","title":{"rendered":"DAS UNTERNEHMEN"},"content":{"rendered":"<p>[vc_row][vc_column]<div class=\"sc_section\" style=\"margin-top:10px !important;margin-bottom:80px !important;\">[vc_single_image image=&#8220;4353&#8243; img_size=&#8220;medium&#8220; alignment=&#8220;center&#8220; onclick=&#8220;custom_link&#8220; img_link_target=&#8220;_blank&#8220; link=&#8220;https:\/\/anthoulakisltd.gr\/wp-content\/uploads\/2025\/05\/abthoulakis-en.pdf&#8220; el_class=&#8220;espa-banner&#8220;]<\/div><div class=\"sc_content content_wrap\"><h1 class=\"sc_title sc_title_regular sc_align_center\" style=\"margin-top:60px;margin-bottom:60px;text-align:center;\">\u00dcBER UNS<\/h1><div class=\"columns_wrap sc_columns columns_nofluid sc_columns_count_2\"><div class=\"column-1_2 sc_column_item sc_column_item_1 odd first\"><figure class=\"sc_image  sc_image_shape_square\" style=\"width:100%;\"><img decoding=\"async\" src=\"https:\/\/anthoulakisltd.gr\/wp-content\/uploads\/2016\/10\/ETAIRIA_1.jpg\" alt=\"\" \/><\/figure><\/div><div class=\"column-1_2 sc_column_item sc_column_item_2 even\">[vc_column_text]<\/p>\n<p style=\"text-align: justify;\"><strong>50 Jahre Zuverl\u00e4ssigkeit, Know-how und st\u00e4ndiger Ausbau unserer Flotte und unserer Dienstleistungen.<\/strong><\/p>\n<p style=\"text-align: justify;\">Seit 1973 sind wir im internationalen G\u00fctertransport t\u00e4tig. Wir geh\u00f6ren zu den f\u00fchrenden Unternehmen im Bereich der internationalen St\u00fcckgut- und K\u00fchltransporte mit besonderer Spezialisierung auf Sammelguttransporte.<\/p>\n<p style=\"text-align: justify;\">Wir verf\u00fcgen \u00fcber eine der modernsten firmeneigenen Lkw-Flotten mit K\u00fchlaufbauten neuester Technologie, die in der Lage sind, K\u00fchlleistung gleichzeitig f\u00fcr K\u00fchl- und Tiefk\u00fchltransporte bereitzustellen.<\/p>\n<p>[\/vc_column_text]<\/div><\/div>[vc_empty_space height=&#8220;60px&#8220;]<div class=\"columns_wrap sc_columns columns_nofluid sc_columns_count_2\"><div class=\"column-1_2 sc_column_item sc_column_item_1 odd first\">[vc_column_text]<\/p>\n<p style=\"text-align: justify;\">Seit jeher sind p\u00fcnktliche Lieferung Ihrer Waren, Innovation und herausragende Dienstleistungen unsere Priorit\u00e4t Wir investieren st\u00e4ndig in neue Technik, den Ausbau der Flotte und die Zertifizierung der Qualit\u00e4tskontrolle nach europ\u00e4ischen Standards, um die bestm\u00f6gliche Qualit\u00e4t unserer Dienstleistungen zu sichern.<\/p>\n<p style=\"text-align: justify;\">Uns ist es gelungen, langj\u00e4hrige Beziehungen zu unseren Kunden aufzubauen und ein vertrauensw\u00fcrdiges Netzwerk von Partnern in Griechenland und Europa zu schaffen. Das Unternehmen hat seinen Sitz in einem firmeneigenen Geb\u00e4ude, das auf mehr als 1 000 m2 seine B\u00fcros beherbergt, w\u00e4hrend f\u00fcr die firmeneigene Flotte Stellpl\u00e4tze von 50 000 m2 zur Verf\u00fcgung stehen, und ist nach dem europ\u00e4ischen Standard f\u00fcr Qualit\u00e4tskontrollen ISO 9001:2008 &amp; ISO 39000 zertifiziert.<\/p>\n<p>[\/vc_column_text]<\/div><div class=\"column-1_2 sc_column_item sc_column_item_2 even\"><figure class=\"sc_image  sc_image_shape_square\" style=\"width:100%;\"><img decoding=\"async\" src=\"https:\/\/anthoulakisltd.gr\/wp-content\/uploads\/2016\/10\/ETAIRIA_2.jpg\" alt=\"\" \/><\/figure><\/div><\/div><\/div>[\/vc_column][\/vc_row][vc_row disable_element=&#8220;yes&#8220; css=&#8220;.vc_custom_1499783624263{background-color: #00005c !important;}&#8220;][vc_column]<div class=\"sc_section aligncenter column-2_3\" style=\"color:#ffffff;\"><h4 class=\"sc_title sc_title_regular sc_align_center\" style=\"margin-top:30px;margin-bottom:60px;text-align:center;color:#ffffff;\"><\/p>\n<div class=\"page\" title=\"Page 9\">\n<div class=\"section\">\n<div class=\"layoutArea\">\n<div class=\"column\">\n<p>40 \u03c7\u03c1\u03bf\u03bd\u03b9\u03b1 \u03c0\u03c1\u03c9\u03c4\u03bf\u03c0\u03bf\u03c1\u03b9\u03b1<br \/>\n\u03c3\u03c4\u03b9\u03c2 \u03b4\u03b9\u03b5\u03b8\u03bd\u03b5\u03b9\u03c2 \u03bf\u03b4\u03b9\u03ba\u03b5\u03c2 \u03bc\u03b5\u03c4\u03b1\u03c6\u03bf\u03c1\u03b5\u03c2<\/p>\n<\/div>\n<\/div>\n<\/div>\n<\/div>\n<p><\/h4><\/div>[\/vc_column][\/vc_row][vc_row el_id=&#8220;history&#8220;][vc_column]<div class=\"sc_section\" style=\"margin-top:80px !important;margin-bottom:80px !important;\"><div class=\"sc_content content_wrap\"><h3 class=\"sc_title sc_title_regular sc_align_center\" style=\"text-align:center;\"><\/p>\n<p style=\"text-align: center;\">SEIT 50 JAHREN TRANSPORTIEREN WIR G\u00dcTER NACH GANZ EUROPA<\/p>\n<p><\/h3><\/div>[vc_column_text] <style type=\"text\/css\" id=\"my_timeline_3\"> #tl3 .timeline_line, #content #tl3 .timeline_line{ width: 920px; } #tl3 .t_line_view, #content #tl3 .t_line_view { width: 920px; } #tl3 .t_line_m, #content #tl3 .t_line_m { width: 458px; } #tl3 .t_line_m.right, #content #tl3 .t_line_m.right { left: 459px; width: 459px; } #tl3 .t_node_desc span, #content #tl3 .t_node_desc span { background: #1986ac; } #tl3 .t_node_desc span:after, #content #tl3 .t_node_desc span:after { border-top-color: #1986ac; } #tl3 .t_line_node, #content #tl3 .t_line_node { color: #1986ac; } #tl3 .t_line_node:after, #content #tl3 .t_line_node:after { background: #1986ac; } #tl3 .item.item_node_hover:before, #content #tl3 .item.item_node_hover:before { background: #1986ac; } #tl3 .item.item_node_hover:after, #content #tl3 .item.item_node_hover:after { border-top-color: #1986ac; } #tl3 #t_line_right:hover, #content #tl3 #t_line_right:hover, #tl3 #t_line_left:hover, #content #tl3 #t_line_left:hover { color: #1986ac; } #tl3 .item h2, #content #tl3 .item h2 { font-size:24px; color:#00005d; text-align: center; line-height:24px; margin-left: 20px; margin-right: 20px; margin-top: 20px; font-weight:normal; font-style:normal; } #tl3 .item span, #content #tl3 .item span { text-align: center; margin-bottom: 20px; margin-left: 20px; margin-right: 20px; } #tl3 .item, #content #tl3 .item { width: 240px; height: 450px;background:#ffffff url() repeat;font-size:14px; color:#00005d; line-height:20px; font-weight:normal; font-style:normal; -moz-box-shadow: 0 0 0 #000000; -webkit-box-shadow: 0 0 0 #000000; box-shadow: 0 0 0 #000000; } #tl3 .item_open h2, #content #tl3 .item_open h2 { font-size:24px; color:#00005d; line-height:24px; font-weight:normal; font-style:normal; } #tl3 .item_open, #content #tl3 .item_open{ width: 490px; height: 450px;background:#ffffff url(http:\/\/anthoulakisltd.gr\/wp-content\/uploads\/2016\/11\/SLIDER_1-1024x448.jpg) repeat; font-size:12px; color:#00005d; line-height:12px; font-weight:normal; font-style:normal; -moz-box-shadow: 0 0 0 #000000; -webkit-box-shadow: 0 0 0 #000000; box-shadow: 0 0 0 #000000; } #tl3 .item .con_borderImage, #content #tl3 .item .con_borderImage { border:0px; border-bottom: 2px solid #00005d ;height: 150px;} #tl3 .item .post_date, #content #tl3 .item .post_date { border:0px;background: #00005d} #tl3 .item_open .con_borderImage, #content #tl3 .item_open .con_borderImage { border-bottom: 2px solid #00005d ; } #tl3 .item_open_cwrapper, #tl3 .item_open .con_borderImage, #content #tl3 .item_open_cwrapper, #content #tl3 .item_open .con_borderImage { width: 490px; } #tl3 .item_open .con_borderImage{ height:150px; } .timeline.flatButton .item .read_more , #content .timeline.flatButton .item .read_more{font-size:12px !important;}.timeline.flatButton .item .read_more, .timeline.flatWideButton .item .read_more, #content .timeline.flatButton .item .read_more, #content .timeline.flatWideButton .item .read_more{ font-size:12px !important; line-height:12px !important; }.timeline .item .read_more, #content .timeline .item .read_more { font-size:20px !important; line-height:20px !important; } #tl3 .item_open .t_close:hover, #content #tl3 .item_open .t_close:hover{ background:#00005d; } #tl3.flatButton .item .read_more, #tl3.flatWideButton .item .read_more, #content #tl3.flatButton .item .read_more, #content #tl3.flatWideButton .item .read_more { background:#00005d; margin:20px; } #tl3.flatButton .mCS-light-thin > .mCSB_scrollTools .mCSB_dragger .mCSB_dragger_bar, #tl3.flatWideButton .mCS-light-thin > .mCSB_scrollTools .mCSB_dragger .mCSB_dragger_bar, #content #tl3.flatButton .mCS-light-thin > .mCSB_scrollTools .mCSB_dragger .mCSB_dragger_bar, #content #tl3.flatWideButton .mCS-light-thin > .mCSB_scrollTools .mCSB_dragger .mCSB_dragger_bar { background:#00005d; } #tl3 .item .read_more:hover, #content #tl3 .item .read_more:hover{ background:#00005d; } #tl3.flatButton .item_open.item_open_noImg .t_close, #tl3.flatWideButton .item_open.item_open_noImg .t_close, #content #tl3.flatButton .item_open.item_open_noImg .t_close, #content #tl3.flatWideButton .item_open.item_open_noImg .t_close { color:#00005d !important; } #tl3.flatButton .item_open.item_open_noImg .t_close:hover, #tl3.flatWideButton .item_open.item_open_noImg .t_close:hover, #content #tl3.flatButton .item_open.item_open_noImg .t_close:hover, #content #tl3.flatWideButton .item_open.item_open_noImg .t_close:hover { color:#00005d !important; } #tl3 .item .read_more, #content #tl3 .item .read_more, #tl3 .item_open .t_close, #content #tl3 .item_open .t_close { \/* transparent background *\/ filter: progid:DXImageTransform.Microsoft.gradient(GradientType=0,startColorstr='#44000000', endColorstr='#44000000'); } #tl3 .t_node_desc, #content #tl3 .t_node_desc { \/* IE transparent background *\/ filter: progid:DXImageTransform.Microsoft.gradient(GradientType=0,startColorstr='#cc1a86ac', endColorstr='#cc1a86ac'); } #tl3 .timeline_open_content, #content #tl3 .timeline_open_content { padding:20px; } #tl3 .mCSB_dragger_bar{ background:#00005d !important; } <\/style> <!-- BEGIN TIMELINE --> <div id=\"tl3\" class=\"timeline flatLine flatNav\"> <div class=\"item\" data-id=\"15\/10\/1960\" data-name=\"1960\" data-description=\"1960\"> <a style=\"display:block;\" class=\"con_borderImage\"><img decoding=\"async\" src=\"http:\/\/anthoulakisltd.gr\/wp-content\/uploads\/2017\/07\/1960-_resized240x150.jpg\" alt=\"gallery\"\/><\/a> <h2>1960<\/h2> <span>Vasileios Anthoulakis beginnt seine Karriere im internationalen G\u00fcterverkehr als Lastwagenfahrer und -eigner.<\/span> <\/div> <div class=\"item_open\" data-id=\"15\/10\/1960\" data-access=\"https:\/\/anthoulakisltd.gr\/wp-admin\/admin-ajax.php?action=ctimeline_frontend_get&timeline=3&id=0\"> <div class=\"item_open_content\"> <img decoding=\"async\" class=\"ajaxloader\" src=\"https:\/\/anthoulakisltd.gr\/wp-content\/plugins\/content_timeline\/images\/loadingAnimation.gif\" alt=\"gallery\" \/> <\/div> <\/div> <div class=\"item\" data-id=\"15\/10\/1973\" data-name=\"1973\" data-description=\"1973\"> <a style=\"display:block;\" class=\"con_borderImage\"><img decoding=\"async\" src=\"http:\/\/anthoulakisltd.gr\/wp-content\/uploads\/2017\/07\/1973-_resized240x150.jpg\" alt=\"gallery\"\/><\/a> <h2>1973<\/h2> <span>Mitbegr\u00fcnder der Eurotrans Hellas, der ersten GmbH f\u00fcr internationalen G\u00fcterkraftverkehr mit firmeneigenen Lkws in Griechenland. Das Unternehmen spezialisiert sich ausschlie\u00dflich auf den internationalen G\u00fcterkraftverkehr.<\/span> <\/div> <div class=\"item_open\" data-id=\"15\/10\/1973\" data-access=\"https:\/\/anthoulakisltd.gr\/wp-admin\/admin-ajax.php?action=ctimeline_frontend_get&timeline=3&id=1\"> <div class=\"item_open_content\"> <img decoding=\"async\" class=\"ajaxloader\" src=\"https:\/\/anthoulakisltd.gr\/wp-content\/plugins\/content_timeline\/images\/loadingAnimation.gif\" alt=\"gallery\" \/> <\/div> <\/div> <div class=\"item\" data-id=\"15\/10\/1982 \" data-name=\"1982\" data-description=\"1982\"> <a style=\"display:block;\" class=\"con_borderImage\"><img decoding=\"async\" src=\"http:\/\/anthoulakisltd.gr\/wp-content\/uploads\/2017\/07\/1982-_resized240x150.jpg\" alt=\"gallery\"\/><\/a> <h2>1982<\/h2> <span>Das Unternehmen w\u00e4chst schnell und sein Fuhrpark z\u00e4hlt nun 20 Lkws, die den internationalen G\u00fcterkraftverkehr f\u00fcr gro\u00dfe internationale Firmen \u00fcbernehmen.<\/span> <\/div> <div class=\"item_open\" data-id=\"15\/10\/1982 \" data-access=\"https:\/\/anthoulakisltd.gr\/wp-admin\/admin-ajax.php?action=ctimeline_frontend_get&timeline=3&id=2\"> <div class=\"item_open_content\"> <img decoding=\"async\" class=\"ajaxloader\" src=\"https:\/\/anthoulakisltd.gr\/wp-content\/plugins\/content_timeline\/images\/loadingAnimation.gif\" alt=\"gallery\" \/> <\/div> <\/div> <div class=\"item\" data-id=\"15\/10\/1985\" data-name=\"1985\" data-description=\"1985\"> <a style=\"display:block;\" class=\"con_borderImage\"><\/a> <h2>1985<\/h2> <span>Eintritt von Maria Anthoulaki, Tochter des Firmengr\u00fcnders, in das Unternehmen.<\/span> <\/div> <div class=\"item_open item_open_noImg\" data-id=\"15\/10\/1985\" data-access=\"https:\/\/anthoulakisltd.gr\/wp-admin\/admin-ajax.php?action=ctimeline_frontend_get&timeline=3&id=3\"> <div class=\"item_open_content\"> <img decoding=\"async\" class=\"ajaxloader\" src=\"https:\/\/anthoulakisltd.gr\/wp-content\/plugins\/content_timeline\/images\/loadingAnimation.gif\" alt=\"gallery\" \/> <\/div> <\/div> <div class=\"item\" data-id=\"15\/10\/1990\" data-name=\"1990\" data-description=\"1990\"> <a style=\"display:block;\" class=\"con_borderImage\"><img decoding=\"async\" src=\"http:\/\/anthoulakisltd.gr\/wp-content\/uploads\/2017\/07\/2016_B-_resized240x150.jpg\" alt=\"gallery\"\/><\/a> <h2>1990<\/h2> <span>Der innovative Firmengr\u00fcnder Vasileios Anthoulakis sieht den bevorstehenden Einbruch des Komplettladungsgesch\u00e4fts voraus und \u00e4ndert die Ausrichtung des Unternehmens.<\/span> <\/div> <div class=\"item_open\" data-id=\"15\/10\/1990\" data-access=\"https:\/\/anthoulakisltd.gr\/wp-admin\/admin-ajax.php?action=ctimeline_frontend_get&timeline=3&id=4\"> <div class=\"item_open_content\"> <img decoding=\"async\" class=\"ajaxloader\" src=\"https:\/\/anthoulakisltd.gr\/wp-content\/plugins\/content_timeline\/images\/loadingAnimation.gif\" alt=\"gallery\" \/> <\/div> <\/div> <div class=\"item\" data-id=\"15\/10\/1991\" data-name=\"1991\" data-description=\"1991\"> <a style=\"display:block;\" class=\"con_borderImage\"><img decoding=\"async\" src=\"http:\/\/anthoulakisltd.gr\/wp-content\/uploads\/2017\/07\/2016-_resized240x150.jpg\" alt=\"gallery\"\/><\/a> <h2>1991<\/h2> <span>Umstellung auf Teilladungen im Bereich des Lebensmitteltransports \u2013 eine neue Epoche f\u00fcr das Unternehmen wird eingel\u00e4utet. Diese historische Entscheidung und harte Arbeit lie\u00dfen das Unternehmen im Laufe der Zeit zum Marktf\u00fchrer in seinem Sektor werden. <\/span> <\/div> <div class=\"item_open\" data-id=\"15\/10\/1991\" data-access=\"https:\/\/anthoulakisltd.gr\/wp-admin\/admin-ajax.php?action=ctimeline_frontend_get&timeline=3&id=5\"> <div class=\"item_open_content\"> <img decoding=\"async\" class=\"ajaxloader\" src=\"https:\/\/anthoulakisltd.gr\/wp-content\/plugins\/content_timeline\/images\/loadingAnimation.gif\" alt=\"gallery\" \/> <\/div> <\/div> <div class=\"item\" data-id=\"15\/06\/1992\" data-name=\"1992\" data-description=\"1992 \"> <a style=\"display:block;\" class=\"con_borderImage\"><img decoding=\"async\" src=\"http:\/\/anthoulakisltd.gr\/wp-content\/uploads\/2017\/07\/1992-_resized240x150.jpg\" alt=\"gallery\"\/><\/a> <h2>1992 <\/h2> <span>Verlegung des Firmensitzes in das heutige Geb\u00e4ude in der N\u00e4he des Gem\u00fcsegro\u00dfmarkts von Thessaloniki. Die B\u00fcros des Unternehmens befinden sich in einem firmeneigenen Geb\u00e4ude mit mehr als 1 000 m2 Grundfl\u00e4che. F\u00fcr den firmeneigenen Fuhrpark stehen Stellfl\u00e4chen von 50 000 m2 zur Verf\u00fcgung.<\/span> <\/div> <div class=\"item_open\" data-id=\"15\/06\/1992\" data-access=\"https:\/\/anthoulakisltd.gr\/wp-admin\/admin-ajax.php?action=ctimeline_frontend_get&timeline=3&id=6\"> <div class=\"item_open_content\"> <img decoding=\"async\" class=\"ajaxloader\" src=\"https:\/\/anthoulakisltd.gr\/wp-content\/plugins\/content_timeline\/images\/loadingAnimation.gif\" alt=\"gallery\" \/> <\/div> <\/div> <div class=\"item\" data-id=\"15\/10\/1992\" data-name=\"1992\" data-description=\"1992\"> <a style=\"display:block;\" class=\"con_borderImage\"><img decoding=\"async\" src=\"http:\/\/anthoulakisltd.gr\/wp-content\/uploads\/2017\/07\/1992-_resized240x150.jpg\" alt=\"gallery\"\/><\/a> <h2>1992<\/h2> <span>Eintritt von Dimitris Anthoulakis, Sohn des Firmengr\u00fcnders, in das Unternehmen.<\/span> <\/div> <div class=\"item_open\" data-id=\"15\/10\/1992\" data-access=\"https:\/\/anthoulakisltd.gr\/wp-admin\/admin-ajax.php?action=ctimeline_frontend_get&timeline=3&id=7\"> <div class=\"item_open_content\"> <img decoding=\"async\" class=\"ajaxloader\" src=\"https:\/\/anthoulakisltd.gr\/wp-content\/plugins\/content_timeline\/images\/loadingAnimation.gif\" alt=\"gallery\" \/> <\/div> <\/div> <div class=\"item\" data-id=\"15\/10\/1997\" data-name=\"1997\" data-description=\"1997\"> <a style=\"display:block;\" class=\"con_borderImage\"><\/a> <h2>1997<\/h2> <span>Das Unternehmen wird zur Familienangelegenheit und Ziel ist seine weitere Entwicklung.<\/span> <\/div> <div class=\"item_open item_open_noImg\" data-id=\"15\/10\/1997\" data-access=\"https:\/\/anthoulakisltd.gr\/wp-admin\/admin-ajax.php?action=ctimeline_frontend_get&timeline=3&id=8\"> <div class=\"item_open_content\"> <img decoding=\"async\" class=\"ajaxloader\" src=\"https:\/\/anthoulakisltd.gr\/wp-content\/plugins\/content_timeline\/images\/loadingAnimation.gif\" alt=\"gallery\" \/> <\/div> <\/div> <div class=\"item\" data-id=\"15\/10\/2003\" data-name=\"2003\" data-description=\"2003 \"> <a style=\"display:block;\" class=\"con_borderImage\"><img decoding=\"async\" src=\"http:\/\/anthoulakisltd.gr\/wp-content\/uploads\/2017\/07\/2003-_resized240x150.jpg\" alt=\"gallery\"\/><\/a> <h2>2003 <\/h2> <span>Vasileios Anthoulakis zieht sich aus dem Unternehmen zur\u00fcck, dessen Name nun in ANTHOULAKIS GmbH ge\u00e4ndert wird. Maria und Dimitris verfolgen die Familienvision von einem Unternehmen als Marktf\u00fchrer in Dienstleistungsqualit\u00e4t und Nutzung modernster Technologien im internationalen G\u00fcterverkehr.<\/span> <\/div> <div class=\"item_open\" data-id=\"15\/10\/2003\" data-access=\"https:\/\/anthoulakisltd.gr\/wp-admin\/admin-ajax.php?action=ctimeline_frontend_get&timeline=3&id=9\"> <div class=\"item_open_content\"> <img decoding=\"async\" class=\"ajaxloader\" src=\"https:\/\/anthoulakisltd.gr\/wp-content\/plugins\/content_timeline\/images\/loadingAnimation.gif\" alt=\"gallery\" \/> <\/div> <\/div> <div class=\"item\" data-id=\"15\/06\/2016\" data-name=\"2016\" data-description=\"2016\"> <a style=\"display:block;\" class=\"con_borderImage\"><img decoding=\"async\" src=\"http:\/\/anthoulakisltd.gr\/wp-content\/uploads\/2017\/07\/1991-_resized240x150.jpg\" alt=\"gallery\"\/><\/a> <h2>2016<\/h2> <span>Das Unternehmen verf\u00fcgt \u00fcber eine der modernsten Lkw-Flotten mit K\u00fchlaufbauten neuester Technologie, die in der Lage sind, K\u00fchlleistung gleichzeitig f\u00fcr K\u00fchl- und Tiefk\u00fchltransporte bereitzustellen.<\/span> <\/div> <div class=\"item_open\" data-id=\"15\/06\/2016\" data-access=\"https:\/\/anthoulakisltd.gr\/wp-admin\/admin-ajax.php?action=ctimeline_frontend_get&timeline=3&id=10\"> <div class=\"item_open_content\"> <img decoding=\"async\" class=\"ajaxloader\" src=\"https:\/\/anthoulakisltd.gr\/wp-content\/plugins\/content_timeline\/images\/loadingAnimation.gif\" alt=\"gallery\" \/> <\/div> <\/div> <div class=\"item\" data-id=\"15\/10\/2016\" data-name=\"2016\" data-description=\"2016 \"> <a style=\"display:block;\" class=\"con_borderImage\"><img decoding=\"async\" src=\"http:\/\/anthoulakisltd.gr\/wp-content\/uploads\/2017\/08\/HIST_1-_resized240x150.jpg\" alt=\"gallery\"\/><\/a> <h2>2016 <\/h2> <span>Zertifizierung nach ISO 9001:2008.<\/span> <\/div> <div class=\"item_open\" data-id=\"15\/10\/2016\" data-access=\"https:\/\/anthoulakisltd.gr\/wp-admin\/admin-ajax.php?action=ctimeline_frontend_get&timeline=3&id=11\"> <div class=\"item_open_content\"> <img decoding=\"async\" class=\"ajaxloader\" src=\"https:\/\/anthoulakisltd.gr\/wp-content\/plugins\/content_timeline\/images\/loadingAnimation.gif\" alt=\"gallery\" \/> <\/div> <\/div> <div class=\"item\" data-id=\"15\/10\/2018\" data-name=\"2018\" data-description=\"2018\"> <a style=\"display:block;\" class=\"con_borderImage\"><img decoding=\"async\" src=\"https:\/\/anthoulakisltd.gr\/wp-content\/uploads\/2019\/10\/ANTHOULAKIS-SMARTRANS-TRUCK-DESIGN-FOX-CREATIVE-02-3-_resized240x150.jpg\" alt=\"gallery\"\/><\/a> <h2>2018<\/h2> <span>Unsere Flotte hat zwei Fahrzeuge erworben, die mit den modernsten Gefrierger\u00e4ten ausgestattet sind, die sowohl f\u00fcr Gefrier- als auch Tiefk\u00fchltemperaturen geeignet sind.<\/span> <\/div> <div class=\"item_open\" data-id=\"15\/10\/2018\" data-access=\"https:\/\/anthoulakisltd.gr\/wp-admin\/admin-ajax.php?action=ctimeline_frontend_get&timeline=3&id=12\"> <div class=\"item_open_content\"> <img decoding=\"async\" class=\"ajaxloader\" src=\"https:\/\/anthoulakisltd.gr\/wp-content\/plugins\/content_timeline\/images\/loadingAnimation.gif\" alt=\"gallery\" \/> <\/div> <\/div> <div class=\"item\" data-id=\"16\/10\/2019\" data-name=\"2019\" data-description=\"2019\"> <a style=\"display:block;\" class=\"con_borderImage\"><img decoding=\"async\" src=\"https:\/\/anthoulakisltd.gr\/wp-content\/uploads\/2019\/10\/ANTHOULAKIS-SMARTRANS-TRUCK-DESIGN-FOX-CREATIVE-03-3-_resized240x150.jpg\" alt=\"gallery\"\/><\/a> <h2>2019<\/h2> <span>Unsere Flotte w\u00e4chst! Ein weiteres Fahrzeug wird hinzugef\u00fcgt, das mit den modernsten Tiefk\u00fchlger\u00e4ten ausgestattet ist, die sowohl f\u00fcr Gefrier- als auch f\u00fcr Tiefk\u00fchlbedingungen geeignet sind. Zertifizierung nach ISO 39000.<\/span> <\/div> <div class=\"item_open\" data-id=\"16\/10\/2019\" data-access=\"https:\/\/anthoulakisltd.gr\/wp-admin\/admin-ajax.php?action=ctimeline_frontend_get&timeline=3&id=13\"> <div class=\"item_open_content\"> <img decoding=\"async\" class=\"ajaxloader\" src=\"https:\/\/anthoulakisltd.gr\/wp-content\/plugins\/content_timeline\/images\/loadingAnimation.gif\" alt=\"gallery\" \/> <\/div> <\/div> <\/div> <!-- END TIMELINE --> <script type=\"text\/javascript\"> my_is_mobile_global=0; (function($){ var test = false; $(window).load(function() { if(!test) timeline_init_3($(document)); }); function timeline_init_3($this) { $this.find(\".scrollable-content\").mCustomScrollbar();$this.find(\"a[rel^='prettyPhoto']\").prettyPhoto(); $this.find(\"#tl3\").timeline({ my_show_years:9, my_del:130, my_is_years:1, my_trigger_width:800, my_sizes :{\"card\":{\"item_width\":\"240\",\"item_height\":\"450\",\"margin\":\"20\"},\"active\":{\"item_width\":\"490\",\"item_height\":\"450\",\"image_height\":\"150\"}}, my_id :3, my_debug :0, is_mobile : 0, autoplay : 0, autoplay_mob : 0, autoplay_step: 10000, itemMargin : 20, scrollSpeed : 500, easing : \"easeOutSine\", openTriggerClass : 'none', swipeOn : true, startItem : \"16\/10\/2019\", yearsOn : true, hideTimeline : false, hideControles : false, closeText : \"Close\",categories:['timeline'],numberOfSegments:30, closeItemOnTransition: false }); $this.find(\"#tl3\").on(\"ajaxLoaded.timeline\", function(e){ var scrCnt = e.element.find(\".scrollable-content\"); scrCnt.height(scrCnt.parent().height() - scrCnt.parent().children(\"h2\").height() - parseInt(scrCnt.parent().children(\"h2\").css(\"margin-bottom\"))); scrCnt.mCustomScrollbar({theme:\"light-thin\"}); e.element.find(\"a[rel^='prettyPhoto']\").prettyPhoto(); e.element.find(\".timeline_rollover_bottom\").timelineRollover(\"bottom\"); }); } })(jQuery); <\/script>[\/vc_column_text]<\/div>[\/vc_column][\/vc_row][vc_row parallax=&#8220;content-moving&#8220; parallax_image=&#8220;4296&#8243;][vc_column]<div class=\"sc_section\" style=\"margin-top:150px !important;margin-bottom:80px !important;\"><div class=\"sc_content content_wrap\"><div class=\"columns_wrap sc_columns columns_nofluid sc_columns_count_2\"><div class=\"column-1_2 sc_column_item sc_column_item_1 odd first\" style=\"padding-left: 40px; background-color: rgba(255,255,255,0.8);text-align:left;\">[vc_custom_heading text=&#8220;ZERTIFIZIERUNGEN&#8220; use_theme_fonts=&#8220;yes&#8220;][vc_empty_space height=&#8220;20px&#8220;][vc_column_text]<strong><span style=\"color: #404856;\">Unser Unternehmen wendet die Standards des Qualit\u00e4tsmanagementsystems ISO 9001:2008 &amp; ISO 39000 an und gew\u00e4hrleistet so nach europ\u00e4ischen Standards den optimalen und sicheren Versand Ihrer Ladung auf jedem internationalen Transport.<\/span><\/strong>[\/vc_column_text][vc_empty_space height=&#8220;100px&#8220;][vc_single_image image=&#8220;3818&#8243; img_size=&#8220;200&#215;200&#8243; el_class=&#8220;hidden-item&#8220;]<\/div><div class=\"column-1_2 sc_column_item sc_column_item_2 even\"><\/div><\/div><\/div><\/div>[\/vc_column][\/vc_row]<\/p>\n","protected":false},"excerpt":{"rendered":"<p>[vc_row][vc_column][\/vc_column][\/vc_row][vc_row disable_element=&#8220;yes&#8220; css=&#8220;.vc_custom_1499783624263{background-color: #00005c !important;}&#8220;][vc_column][\/vc_column][\/vc_row][vc_row el_id=&#8220;history&#8220;][vc_column][\/vc_column][\/vc_row][vc_row parallax=&#8220;content-moving&#8220; parallax_image=&#8220;4296&#8243;][vc_column][\/vc_column][\/vc_row]<\/p>\n","protected":false},"author":1,"featured_media":4645,"parent":0,"menu_order":0,"comment_status":"open","ping_status":"closed","template":"","meta":{"footnotes":""},"class_list":["post-4052","page","type-page","status-publish","has-post-thumbnail","hentry"],"aioseo_notices":[],"_links":{"self":[{"href":"https:\/\/anthoulakisltd.gr\/de\/wp-json\/wp\/v2\/pages\/4052","targetHints":{"allow":["GET"]}}],"collection":[{"href":"https:\/\/anthoulakisltd.gr\/de\/wp-json\/wp\/v2\/pages"}],"about":[{"href":"https:\/\/anthoulakisltd.gr\/de\/wp-json\/wp\/v2\/types\/page"}],"author":[{"embeddable":true,"href":"https:\/\/anthoulakisltd.gr\/de\/wp-json\/wp\/v2\/users\/1"}],"replies":[{"embeddable":true,"href":"https:\/\/anthoulakisltd.gr\/de\/wp-json\/wp\/v2\/comments?post=4052"}],"version-history":[{"count":12,"href":"https:\/\/anthoulakisltd.gr\/de\/wp-json\/wp\/v2\/pages\/4052\/revisions"}],"predecessor-version":[{"id":4891,"href":"https:\/\/anthoulakisltd.gr\/de\/wp-json\/wp\/v2\/pages\/4052\/revisions\/4891"}],"wp:featuredmedia":[{"embeddable":true,"href":"https:\/\/anthoulakisltd.gr\/de\/wp-json\/wp\/v2\/media\/4645"}],"wp:attachment":[{"href":"https:\/\/anthoulakisltd.gr\/de\/wp-json\/wp\/v2\/media?parent=4052"}],"curies":[{"name":"wp","href":"https:\/\/api.w.org\/{rel}","templated":true}]}}