{"id":4054,"date":"2016-10-28T17:12:15","date_gmt":"2016-10-28T14:12:15","guid":{"rendered":"http:\/\/anthoulakisltd.gr\/stolos\/"},"modified":"2025-05-27T14:08:21","modified_gmt":"2025-05-27T11:08:21","slug":"stolos","status":"publish","type":"page","link":"https:\/\/anthoulakisltd.gr\/de\/stolos\/","title":{"rendered":"FLOTTE"},"content":{"rendered":"<p>[vc_row css=&#8220;.vc_custom_1477665556412{padding-top: 80px !important;padding-bottom: 80px !important;}&#8220; el_class=&#8220;stolos&#8220;][vc_column]<div class=\"sc_section\" style=\"margin-top:10px !important;margin-bottom:80px !important;\">[vc_single_image image=&#8220;4353&#8243; img_size=&#8220;medium&#8220; alignment=&#8220;center&#8220; onclick=&#8220;custom_link&#8220; img_link_target=&#8220;_blank&#8220; link=&#8220;https:\/\/anthoulakisltd.gr\/wp-content\/uploads\/2025\/05\/abthoulakis-en.pdf&#8220; el_class=&#8220;espa-banner&#8220;]<\/div><div class=\"sc_section\"><div class=\"sc_content content_wrap\"><div class=\"columns_wrap sc_columns columns_nofluid sc_columns_count_2\"><div class=\"column-1_2 sc_column_item sc_column_item_1 odd first\"><div class=\"sc_section alignleft column-1_4\"><figure class=\"sc_image  alignleft sc_image_shape_square\" style=\"width:130px;height:130px;\"><img decoding=\"async\" src=\"https:\/\/anthoulakisltd.gr\/wp-content\/uploads\/2016\/10\/ICON_1-130x130.jpg\" alt=\"\" \/><\/figure><\/div><div class=\"sc_section column-auto\"><h3 class=\"sc_title sc_title_regular\">FIRMENEIGENE LKW-FLOTTE<\/h3>[vc_column_text]So k\u00f6nnen wir absolute Zuverl\u00e4ssigkeit und P\u00fcnktlichkeit im internationalen G\u00fctertransport gew\u00e4hrleisten. Die moderne Flotte von K\u00fchltransportern und unsere w\u00f6chentlichen Touren zu internationalen Zielen garantieren f\u00fcr jeden Transport Sicherheit und die Einhaltung von Terminen nach den europ\u00e4ischen Qualit\u00e4tsstandards.[\/vc_column_text]<\/div><\/div><div class=\"column-1_2 sc_column_item sc_column_item_2 even\"><div class=\"sc_section alignleft column-1_4\"><figure class=\"sc_image  alignleft sc_image_shape_square\" style=\"width:130px;height:130px;\"><img decoding=\"async\" src=\"https:\/\/anthoulakisltd.gr\/wp-content\/uploads\/2016\/10\/ICON_2-130x130.jpg\" alt=\"\" \/><\/figure><\/div><div class=\"sc_section column-auto\"><h3 class=\"sc_title sc_title_regular\">SPEZIALISIERUNG AUF SAMMELGUTTRANSPORTE<\/h3>[vc_column_text]50-j\u00e4hrige Spezialisierung auf Sammelguttransporte mit einer eigens entwickelten Flotte neuester Technologie, Kontrollmechanismen nach ISO und einem zuverl\u00e4ssigen Netz von Mitarbeitern in ganz Europa.[\/vc_column_text]<\/div><\/div><\/div><\/div><\/div>[\/vc_column][\/vc_row][vc_row css=&#8220;.vc_custom_1477665665905{padding-bottom: 80px !important;}&#8220; el_class=&#8220;stolos&#8220;][vc_column]<div class=\"sc_section\"><div class=\"sc_content content_wrap\"><div class=\"columns_wrap sc_columns columns_nofluid sc_columns_count_2\"><div class=\"column-1_2 sc_column_item sc_column_item_1 odd first\"><div class=\"sc_section alignleft column-1_4\"><figure class=\"sc_image  alignleft sc_image_shape_square\" style=\"width:130px;height:130px;\"><img decoding=\"async\" src=\"https:\/\/anthoulakisltd.gr\/wp-content\/uploads\/2016\/10\/ICON_3-130x130.jpg\" alt=\"\" \/><\/figure><\/div><div class=\"sc_section column-auto\"><h3 class=\"sc_title sc_title_regular\">AUSBAU DER TECHNIK<\/h3>[vc_column_text]Wir verf\u00fcgen \u00fcber eine der modernsten Lkw-Flotten mit K\u00fchlaufbauten neuester Technologie, die in der Lage sind, K\u00fchlleistung gleichzeitig f\u00fcr K\u00fchl- und Tiefk\u00fchltransporte bereitzustellen.[\/vc_column_text]<\/div><\/div><div class=\"column-1_2 sc_column_item sc_column_item_2 even\"><div class=\"sc_section alignleft column-1_4\"><figure class=\"sc_image  alignleft sc_image_shape_square\" style=\"width:130px;height:130px;\"><img decoding=\"async\" src=\"https:\/\/anthoulakisltd.gr\/wp-content\/uploads\/2016\/10\/ICON_4-130x130.jpg\" alt=\"\" \/><\/figure><\/div><div class=\"sc_section column-auto\"><h3 class=\"sc_title sc_title_regular\">ISO 9001:2008 &amp; ISO 39000<\/h3>[vc_column_text]Wir gew\u00e4hrleisten qualitativ hochwertige Transporte von St\u00fcck- und K\u00fchlgut mit unserer hochmodernen Lkw-Flotte sowie eine kontinuierliche \u00dcberwachung Ihrer Waren nach den europ\u00e4ischen Qualit\u00e4tsstandards ISO 9001:2008 &amp; ISO 39000.[\/vc_column_text]<\/div><\/div><\/div><\/div><\/div>[\/vc_column][\/vc_row][vc_row][vc_column]<div class=\"sc_section\"><div class=\"sc_content content_wrap\">[vc_images_carousel images=&#8220;3923,3924,3925,3926&#8243; img_size=&#8220;full&#8220; onclick=&#8220;link_no&#8220; wrap=&#8220;yes&#8220;]<\/div><\/div>[\/vc_column][\/vc_row]<\/p>\n","protected":false},"excerpt":{"rendered":"<p>[vc_row css=&#8220;.vc_custom_1477665556412{padding-top: 80px !important;padding-bottom: 80px !important;}&#8220; el_class=&#8220;stolos&#8220;][vc_column][\/vc_column][\/vc_row][vc_row css=&#8220;.vc_custom_1477665665905{padding-bottom: 80px !important;}&#8220; el_class=&#8220;stolos&#8220;][vc_column][\/vc_column][\/vc_row][vc_row][vc_column][\/vc_column][\/vc_row]<\/p>\n","protected":false},"author":1,"featured_media":4651,"parent":0,"menu_order":0,"comment_status":"open","ping_status":"closed","template":"","meta":{"footnotes":""},"class_list":["post-4054","page","type-page","status-publish","has-post-thumbnail","hentry"],"aioseo_notices":[],"_links":{"self":[{"href":"https:\/\/anthoulakisltd.gr\/de\/wp-json\/wp\/v2\/pages\/4054","targetHints":{"allow":["GET"]}}],"collection":[{"href":"https:\/\/anthoulakisltd.gr\/de\/wp-json\/wp\/v2\/pages"}],"about":[{"href":"https:\/\/anthoulakisltd.gr\/de\/wp-json\/wp\/v2\/types\/page"}],"author":[{"embeddable":true,"href":"https:\/\/anthoulakisltd.gr\/de\/wp-json\/wp\/v2\/users\/1"}],"replies":[{"embeddable":true,"href":"https:\/\/anthoulakisltd.gr\/de\/wp-json\/wp\/v2\/comments?post=4054"}],"version-history":[{"count":8,"href":"https:\/\/anthoulakisltd.gr\/de\/wp-json\/wp\/v2\/pages\/4054\/revisions"}],"predecessor-version":[{"id":4892,"href":"https:\/\/anthoulakisltd.gr\/de\/wp-json\/wp\/v2\/pages\/4054\/revisions\/4892"}],"wp:featuredmedia":[{"embeddable":true,"href":"https:\/\/anthoulakisltd.gr\/de\/wp-json\/wp\/v2\/media\/4651"}],"wp:attachment":[{"href":"https:\/\/anthoulakisltd.gr\/de\/wp-json\/wp\/v2\/media?parent=4054"}],"curies":[{"name":"wp","href":"https:\/\/api.w.org\/{rel}","templated":true}]}}