{"id":4056,"date":"2016-10-28T16:45:14","date_gmt":"2016-10-28T13:45:14","guid":{"rendered":"http:\/\/anthoulakisltd.gr\/services\/"},"modified":"2025-05-27T14:08:48","modified_gmt":"2025-05-27T11:08:48","slug":"services","status":"publish","type":"page","link":"https:\/\/anthoulakisltd.gr\/de\/services\/","title":{"rendered":"LEISTUNGEN"},"content":{"rendered":"<p>[vc_row css=&#8220;.vc_custom_1739204975210{padding-top: 10px !important;}&#8220;][vc_column]<div class=\"sc_section\" style=\"margin-top:10px !important;margin-bottom:80px !important;\">[vc_single_image image=&#8220;4353&#8243; img_size=&#8220;medium&#8220; alignment=&#8220;center&#8220; onclick=&#8220;custom_link&#8220; img_link_target=&#8220;_blank&#8220; link=&#8220;https:\/\/anthoulakisltd.gr\/wp-content\/uploads\/2025\/05\/abthoulakis-en.pdf&#8220; el_class=&#8220;espa-banner&#8220;]<\/div><div class=\"sc_content content_wrap\"><h2 class=\"sc_title sc_title_regular sc_align_center\" style=\"margin-top:0px;margin-bottom:1.7em;text-align:center;\">UNSERE ANGEBOTE<\/h2><div class=\"columns_wrap sc_columns columns_nofluid sc_columns_count_2\"><div class=\"column-1_2 sc_column_item sc_column_item_1 odd first\">[vc_single_image image=&#8220;3800&#8243; img_size=&#8220;135&#215;135&#8243;][vc_empty_space height=&#8220;20px&#8220;][vc_column_text]<\/p>\n<h5><strong>INTERNATIONALER G\u00dcTERFERNVERKEHR F\u00dcR<br \/>\nST\u00dcCKGUT- UND K\u00dcHLTRANSPORTE<\/strong><\/h5>\n<p>Seit den 70er Jahren sorgen wir f\u00fcr den p\u00fcnktlichen und sicheren Transport von verderblichen Waren (K\u00fchl- und Tiefk\u00fchltransporte) und St\u00fcckgut, mit w\u00f6chentlichen Touren zu internationalen Zielen, eine hochmoderne Lkw-Flotte und durch die EU zertifizierten Qualit\u00e4tskontrollen nach ISO. [\/vc_column_text]<\/div><div class=\"column-1_2 sc_column_item sc_column_item_2 even\">[vc_single_image image=&#8220;3801&#8243; img_size=&#8220;135&#215;135&#8243;][vc_empty_space height=&#8220;20px&#8220;][vc_column_text]<\/p>\n<h5><strong>FIRMENEIGENE K\u00dcHL-<br \/>\nUND TIEFK\u00dcHLTRANSPORTER<\/strong><\/h5>\n<p>Wir verf\u00fcgen \u00fcber eine der modernsten Lkw-Flotten mit K\u00fchlaufbauten neuester Technologie, die in der Lage sind, K\u00fchlleistung gleichzeitig f\u00fcr K\u00fchl- und Tiefk\u00fchltransporte bereitzustellen. Gleichzeitig bieten wir spezialisierte Systeme zur kontinuierlichen \u00dcberwachung ihrer Waren f\u00fcr den optimalen und sicheren Transport.<\/p>\n<p>.[\/vc_column_text]<\/div><\/div>[vc_empty_space height=&#8220;40px&#8220;]<div class=\"columns_wrap sc_columns columns_nofluid sc_columns_count_2\"><div class=\"column-1_2 sc_column_item sc_column_item_1 odd first\">[vc_single_image image=&#8220;3802&#8243; img_size=&#8220;135&#215;135&#8243;][vc_empty_space height=&#8220;20px&#8220;][vc_column_text]<\/p>\n<h5><strong>W\u00d6CHENTLICHE<br \/>\nTOUREN<\/strong><\/h5>\n<p>Mit regelm\u00e4\u00dfigen w\u00f6chentlichen Touren zu internationalen Zielen und einer firmeneigenen Flotte gew\u00e4hrleisten wir seit 45 Jahren t\u00e4glich die p\u00fcnktliche Lieferung Ihrer Waren mit absoluter Zuverl\u00e4ssigkeit und Sicherheit.[\/vc_column_text]<\/div><div class=\"column-1_2 sc_column_item sc_column_item_2 even\">[vc_single_image image=&#8220;3803&#8243; img_size=&#8220;135&#215;135&#8243;][vc_empty_space height=&#8220;20px&#8220;][vc_column_text]<\/p>\n<h5><strong>KOMPLETT- UND<br \/>\nTEILLADUNGEN<\/strong><\/h5>\n<p>Aufgrund der langj\u00e4hrigen Spezialisierung auf Sammelguttransporte bei Im- und Export von G\u00fctern sind wir die zuverl\u00e4ssige und sichere Wahl f\u00fcr den internationalen G\u00fcterverkehr.[\/vc_column_text]<\/div><\/div><\/div>[\/vc_column][\/vc_row][vc_row][vc_column]<div class=\"sc_section\" style=\"margin-top:7em !important;margin-bottom:4.7em !important;\"><div class=\"sc_content content_wrap\"><div class=\"columns_wrap sc_columns columns_nofluid sc_columns_count_3\" style=\"margin-bottom:3.3em;\"><div class=\"column-1_3 sc_column_item sc_column_item_1 odd first\"><span class=\"sc_icon icon-ok sc_icon_shape_square alignleft\" style=\"font-size:20px; line-height: 1.35em;\"><\/span><div class=\"sc_section column-auto\"><h5 class=\"sc_title sc_title_regular\" style=\"margin-top:7px;margin-bottom:15px;\">Zuverl\u00e4ssige Lieferung<\/h5>[vc_column_text]Wir sind unabh\u00e4ngig, organisieren w\u00f6chentliche Touren und arbeiten mit zuverl\u00e4ssigen Partnern in ganz Europa, um ihre Ladung p\u00fcnktlich ans Ziel zu bringen.[\/vc_column_text]<\/div><\/div><div class=\"column-1_3 sc_column_item sc_column_item_2 even\"><span class=\"sc_icon icon-ok sc_icon_shape_square alignleft\" style=\"font-size:20px; line-height: 1.35em;\"><\/span><div class=\"sc_section column-auto\"><h5 class=\"sc_title sc_title_regular\" style=\"margin-top:7px;margin-bottom:15px;\">Zertifizierung nach ISO 9001:2008 &amp; ISO 39000<\/h5>[vc_column_text]Wir modernisieren st\u00e4ndig unser Qualit\u00e4tsmanagement-System nach den Vorgaben europ\u00e4ischer Standards.[\/vc_column_text]<\/div><\/div><div class=\"column-1_3 sc_column_item sc_column_item_3 odd\"><span class=\"sc_icon icon-ok sc_icon_shape_square alignleft\" style=\"font-size:20px; line-height: 1.35em;\"><\/span><div class=\"sc_section column-auto\"><h5 class=\"sc_title sc_title_regular\" style=\"margin-top:7px;margin-bottom:15px;\">Kontinuierliche Ladungs\u00fcberwachung<\/h5>[vc_column_text]Spezialsysteme zur Ladungs\u00fcberwachung sorgen f\u00fcr den optimalen und sicheren Transport.[\/vc_column_text]<\/div><\/div><\/div><div class=\"columns_wrap sc_columns columns_nofluid sc_columns_count_3\" style=\"margin-bottom:3.3em;\"><div class=\"column-1_3 sc_column_item sc_column_item_1 odd first\"><span class=\"sc_icon icon-ok sc_icon_shape_square alignleft\" style=\"font-size:20px; line-height: 1.35em;\"><\/span><div class=\"sc_section column-auto\"><h5 class=\"sc_title sc_title_regular\" style=\"margin-top:7px;margin-bottom:15px;\">Hochmoderne Lkw-Flotte<\/h5>[vc_column_text]Lkw mit K\u00fchlaufbauten neuester Technologie, die in der Lage sind, K\u00fchlleistung gleichzeitig f\u00fcr K\u00fchl- und Tiefk\u00fchltransporte bereitzustellen.[\/vc_column_text]<\/div><\/div><div class=\"column-1_3 sc_column_item sc_column_item_2 even\"><span class=\"sc_icon icon-ok sc_icon_shape_square alignleft\" style=\"font-size:20px; line-height: 1.35em;\"><\/span><div class=\"sc_section column-auto\"><h5 class=\"sc_title sc_title_regular\" style=\"margin-top:7px;margin-bottom:15px;\">Zuverl\u00e4ssiges Partnernetzwerk<\/h5>[vc_column_text]Unsere langj\u00e4hrige Pr\u00e4senz auf dem Markt hat vertrauensvolle Beziehungen zu zuverl\u00e4ssigen Partnern entstehen lassen. So entstand unser herausragendes Netzwerk von Partnern in ganz Europa.[\/vc_column_text]<\/div><\/div><div class=\"column-1_3 sc_column_item sc_column_item_3 odd\"><span class=\"sc_icon icon-ok sc_icon_shape_square alignleft\" style=\"font-size:20px; line-height: 1.35em;\"><\/span><div class=\"sc_section column-auto\"><h5 class=\"sc_title sc_title_regular\" style=\"margin-top:7px;margin-bottom:15px;\">Frachtversicherung<\/h5>[vc_column_text]Alle von uns transportierten G\u00fcter sind haftpflichtversichert.[\/vc_column_text]<\/div><\/div><\/div><div class=\"sc_line sc_line_style_solid\" style=\"border-top-style:solid;\"><\/div><\/div><\/div>[\/vc_column][\/vc_row][vc_row parallax=&#8220;content-moving&#8220; parallax_image=&#8220;3967&#8243; disable_element=&#8220;yes&#8220;][vc_column]<div class=\"sc_section\" style=\"margin-top:100px !important;margin-bottom:100px !important;\"><div class=\"sc_content content_wrap\" style=\"margin-top:400px !important;margin-bottom:400px !important;\"><\/div><\/div>[\/vc_column][\/vc_row][vc_row full_width=&#8220;stretch_row_content&#8220;][vc_column][vc_single_image image=&#8220;4035&#8243; img_size=&#8220;full&#8220; alignment=&#8220;center&#8220;][\/vc_column][\/vc_row][vc_row disable_element=&#8220;yes&#8220;][vc_column]<div class=\"sc_section\"><h2 class=\"sc_title sc_title_regular sc_align_center\" style=\"margin-top:0px;margin-bottom:1.7em;text-align:center;\">\u03bf\u03b9 \u03c4\u03bf\u03c0\u03bf\u03b8\u03b5\u03c3\u03b9\u03b5\u03c2 \u03bc\u03b1\u03c2<\/h2><div id=\"sc_googlemap_1442621141\" class=\"sc_googlemap\" style=\"width:100%;height:500px;\" data-zoom=\"3\" data-style=\"simple\"><div id=\"sc_googlemap_1442621141_1\" class=\"sc_googlemap_marker\" data-title=\"Madrid\" data-description=\"[vc_column_text]&lt;\/p&gt;\n&lt;div style=&quot;margin: 10px 0 -8px 5px;&quot;&gt;\n&lt;p&gt;&lt;img class=&quot;alignnone size-medium wp-image-2805&quot; style=&quot;float: left;&quot; src=&quot;http:\/\/anthoulakisltd.gr\/wp-content\/uploads\/2015\/06\/globallogistics_5-150x150.jpg&quot; alt=&quot;globallogistics_5&quot; width=&quot;150&quot; height=&quot;150&quot; \/&gt;&lt;\/p&gt;\n&lt;div style=&quot;overflow: hidden; margin-left: 18px; display: inline-block; font-size: 16px;&quot;&gt;\n&lt;h4 style=&quot;margin: 4px 0 15px; font-weight: 600;&quot;&gt;Madrid&lt;\/h4&gt;\n&lt;p&gt;4100 W Sherman Dr.,&lt;br \/&gt;\nParis, France&lt;br \/&gt;\ntel.: (677)-517-2386&lt;\/p&gt;\n&lt;\/div&gt;\n&lt;\/div&gt;\n&lt;p&gt;[\/vc_column_text]\" data-address=\"Madrid\" data-latlng=\"\" data-point=\"http:\/\/anthoulakisltd.gr\/wp-content\/uploads\/2019\/05\/anthoulakis-international-road-transports-favicon.png\"><\/div><div id=\"sc_googlemap_1442621141_2\" class=\"sc_googlemap_marker\" data-title=\"Montague\" data-description=\"[vc_column_text]&lt;\/p&gt;\n&lt;div style=&quot;margin: 10px 0 -8px 5px;&quot;&gt;\n&lt;p&gt;&lt;img class=&quot;alignnone size-medium wp-image-2805&quot; style=&quot;float: left;&quot; src=&quot;http:\/\/anthoulakisltd.gr\/wp-content\/uploads\/2015\/06\/globallogistics_6-150x150.jpg&quot; alt=&quot;globallogistics_5&quot; width=&quot;150&quot; height=&quot;150&quot; \/&gt;&lt;\/p&gt;\n&lt;div style=&quot;overflow: hidden; margin-left: 18px; display: inline-block; font-size: 16px;&quot;&gt;\n&lt;h4 style=&quot;margin: 4px 0 15px; font-weight: 600;&quot;&gt;Montague&lt;\/h4&gt;\n&lt;p&gt;4100 W Sherman Dr.,&lt;br \/&gt;\nParis, France&lt;br \/&gt;\ntel.: (677)-517-2386&lt;\/p&gt;\n&lt;\/div&gt;\n&lt;\/div&gt;\n&lt;p&gt;[\/vc_column_text]\" data-address=\"Montague\" data-latlng=\"\" data-point=\"http:\/\/anthoulakisltd.gr\/wp-content\/uploads\/2019\/05\/anthoulakis-international-road-transports-favicon.png\"><\/div><div id=\"sc_googlemap_1442621141_3\" class=\"sc_googlemap_marker\" data-title=\"Wien\" data-description=\"[vc_column_text]&lt;\/p&gt;\n&lt;div style=&quot;margin: 10px 0 -8px 5px;&quot;&gt;\n&lt;p&gt;&lt;img class=&quot;alignnone size-medium wp-image-2805&quot; style=&quot;float: left;&quot; src=&quot;http:\/\/anthoulakisltd.gr\/wp-content\/uploads\/2015\/06\/globallogistics_6-150x150.jpg&quot; alt=&quot;globallogistics_5&quot; width=&quot;150&quot; height=&quot;150&quot; \/&gt;&lt;\/p&gt;\n&lt;div style=&quot;overflow: hidden; margin-left: 18px; display: inline-block; font-size: 16px;&quot;&gt;\n&lt;h4 style=&quot;margin: 4px 0 15px; font-weight: 600;&quot;&gt;Wien&lt;\/h4&gt;\n&lt;p&gt;4100 W Sherman Dr.,&lt;br \/&gt;\nParis, France&lt;br \/&gt;\ntel.: (677)-517-2386&lt;\/p&gt;\n&lt;\/div&gt;\n&lt;\/div&gt;\n&lt;p&gt;[\/vc_column_text]\" data-address=\"Wien\" data-latlng=\"\" data-point=\"http:\/\/anthoulakisltd.gr\/wp-content\/uploads\/2019\/05\/anthoulakis-international-road-transports-favicon.png\"><\/div><div id=\"sc_googlemap_1442621141_4\" class=\"sc_googlemap_marker\" data-title=\"Adana\" data-description=\"[vc_column_text]&lt;\/p&gt;\n&lt;div style=&quot;margin: 10px 0 -8px 5px;&quot;&gt;\n&lt;p&gt;&lt;img class=&quot;alignnone size-medium wp-image-2805&quot; style=&quot;float: left;&quot; src=&quot;http:\/\/anthoulakisltd.gr\/wp-content\/uploads\/2015\/06\/globallogistics_6-150x150.jpg&quot; alt=&quot;globallogistics_5&quot; width=&quot;150&quot; height=&quot;150&quot; \/&gt;&lt;\/p&gt;\n&lt;div style=&quot;overflow: hidden; margin-left: 18px; display: inline-block; font-size: 16px;&quot;&gt;\n&lt;h4 style=&quot;margin: 4px 0 15px; font-weight: 600;&quot;&gt;Adana&lt;\/h4&gt;\n&lt;p&gt;4100 W Sherman Dr.,&lt;br \/&gt;\nParis, France&lt;br \/&gt;\ntel.: (677)-517-2386&lt;\/p&gt;\n&lt;\/div&gt;\n&lt;\/div&gt;\n&lt;p&gt;[\/vc_column_text]\" data-address=\"Adana\" data-latlng=\"\" data-point=\"http:\/\/anthoulakisltd.gr\/wp-content\/uploads\/2019\/05\/anthoulakis-international-road-transports-favicon.png\"><\/div><\/div><\/div>[\/vc_column][\/vc_row]<\/p>\n","protected":false},"excerpt":{"rendered":"<p>[vc_row css=&#8220;.vc_custom_1739204975210{padding-top: 10px !important;}&#8220;][vc_column][\/vc_column][\/vc_row][vc_row][vc_column][\/vc_column][\/vc_row][vc_row parallax=&#8220;content-moving&#8220; parallax_image=&#8220;3967&#8243; disable_element=&#8220;yes&#8220;][vc_column][\/vc_column][\/vc_row][vc_row full_width=&#8220;stretch_row_content&#8220;][vc_column][vc_single_image image=&#8220;4035&#8243; img_size=&#8220;full&#8220; alignment=&#8220;center&#8220;][\/vc_column][\/vc_row][vc_row disable_element=&#8220;yes&#8220;][vc_column][\/vc_column][\/vc_row]<\/p>\n","protected":false},"author":1,"featured_media":4717,"parent":0,"menu_order":0,"comment_status":"open","ping_status":"open","template":"","meta":{"footnotes":""},"class_list":["post-4056","page","type-page","status-publish","has-post-thumbnail","hentry"],"aioseo_notices":[],"_links":{"self":[{"href":"https:\/\/anthoulakisltd.gr\/de\/wp-json\/wp\/v2\/pages\/4056","targetHints":{"allow":["GET"]}}],"collection":[{"href":"https:\/\/anthoulakisltd.gr\/de\/wp-json\/wp\/v2\/pages"}],"about":[{"href":"https:\/\/anthoulakisltd.gr\/de\/wp-json\/wp\/v2\/types\/page"}],"author":[{"embeddable":true,"href":"https:\/\/anthoulakisltd.gr\/de\/wp-json\/wp\/v2\/users\/1"}],"replies":[{"embeddable":true,"href":"https:\/\/anthoulakisltd.gr\/de\/wp-json\/wp\/v2\/comments?post=4056"}],"version-history":[{"count":13,"href":"https:\/\/anthoulakisltd.gr\/de\/wp-json\/wp\/v2\/pages\/4056\/revisions"}],"predecessor-version":[{"id":4895,"href":"https:\/\/anthoulakisltd.gr\/de\/wp-json\/wp\/v2\/pages\/4056\/revisions\/4895"}],"wp:featuredmedia":[{"embeddable":true,"href":"https:\/\/anthoulakisltd.gr\/de\/wp-json\/wp\/v2\/media\/4717"}],"wp:attachment":[{"href":"https:\/\/anthoulakisltd.gr\/de\/wp-json\/wp\/v2\/media?parent=4056"}],"curies":[{"name":"wp","href":"https:\/\/api.w.org\/{rel}","templated":true}]}}